{"id":12,"date":"2023-09-06T22:09:30","date_gmt":"2023-09-06T20:09:30","guid":{"rendered":"https:\/\/tiendamn.com\/libro-de-reclamaciones\/?page_id=12"},"modified":"2023-09-07T18:19:32","modified_gmt":"2023-09-07T16:19:32","slug":"libro-de-reclamaciones","status":"publish","type":"page","link":"https:\/\/tiendamn.com\/libro-de-reclamaciones\/","title":{"rendered":"Libro de Reclamaciones"},"content":{"rendered":"<p>[et_pb_section fb_built=\u00bb1&#8243; _builder_version=\u00bb4.18.0&#8243; _module_preset=\u00bbdefault\u00bb custom_padding=\u00bb0px|||||\u00bb global_colors_info=\u00bb{}\u00bb][et_pb_row _builder_version=\u00bb4.18.0&#8243; _module_preset=\u00bbdefault\u00bb global_colors_info=\u00bb{}\u00bb][et_pb_column type=\u00bb4_4&#8243; _builder_version=\u00bb4.18.0&#8243; _module_preset=\u00bbdefault\u00bb global_colors_info=\u00bb{}\u00bb][et_pb_image src=\u00bbhttps:\/\/tiendamn.com\/libro-de-reclamaciones\/wp-content\/uploads\/2023\/09\/tiendamn-logo-1603323333.jpg\u00bb title_text=\u00bbtiendamn-logo-1603323333&#8243; url=\u00bbhttps:\/\/tiendamn.com\/\u00bb align=\u00bbcenter\u00bb _builder_version=\u00bb4.18.0&#8243; _module_preset=\u00bbdefault\u00bb global_colors_info=\u00bb{}\u00bb][\/et_pb_image][et_pb_text _builder_version=\u00bb4.18.0&#8243; _module_preset=\u00bbdefault\u00bb text_font_size=\u00bb16px\u00bb header_2_font=\u00bb|600|||||||\u00bb header_2_text_color=\u00bb#1B82D6&#8243; header_2_line_height=\u00bb1.3em\u00bb text_orientation=\u00bbcenter\u00bb hover_enabled=\u00bb0&#8243; global_colors_info=\u00bb{}\u00bb sticky_enabled=\u00bb0&#8243;]<\/p>\n<h2>Libro de reclamaciones<\/h2>\n<p><span style=\"color: #1b82d6;\"><strong>MN ELECTRONICS E.I.R.L<\/strong>.<\/span>, <span style=\"color: #1b82d6;\"><strong>RUC:<\/strong><\/span> 20478072121.<br \/><strong><span style=\"color: #1b82d6;\">Direcci\u00f3n:<\/span> <\/strong>Calle Manuel Arrisue\u00f1o 649, Santa Catalina, La Victoria, provincia y departamento de Lima<br \/><span style=\"color: #1b82d6;\"><strong>Tel\u00e9fonos:<\/strong><\/span> (01) 713-1717 \/ (01) 713-1718 \/ 999 040 329<\/p>\n<p>Ponemos a tu disposici\u00f3n este espacio para que nos hagas llegar tu reclamo conforme a lo establecido en el C\u00f3digo de Protecci\u00f3n y Defensa del Consumidor.<\/p>\n<p>[\/et_pb_text][et_pb_code _builder_version=\u00bb4.18.0&#8243; _module_preset=\u00bbdefault\u00bb global_colors_info=\u00bb{}\u00bb]<div class='fluentform ff-default fluentform_wrapper_3 ffs_default_wrap'><form data-form_id=\"3\" id=\"fluentform_3\" class=\"frm-fluent-form fluent_form_3 ff-el-form-top ff_form_instance_3_1 ff-form-loading ffs_default\" data-form_instance=\"ff_form_instance_3_1\" method=\"POST\" ><fieldset  style=\"border: none!important;margin: 0!important;padding: 0!important;background-color: transparent!important;box-shadow: none!important;outline: none!important; min-inline-size: 100%;\">\n                    <legend class=\"ff_screen_reader_title\" style=\"display: block; margin: 0!important;padding: 0!important;height: 0!important;text-indent: -999999px;width: 0!important;overflow:hidden;\">Libro de Reclamaciones<\/legend><input type='hidden' name='__fluent_form_embded_post_id' value='12' \/><input type=\"hidden\" id=\"_fluentform_3_fluentformnonce\" name=\"_fluentform_3_fluentformnonce\" value=\"b59ad20beb\" \/><input type=\"hidden\" name=\"_wp_http_referer\" value=\"\/libro-de-reclamaciones\/wp-json\/wp\/v2\/pages\/12\" \/><div data-name=\"ff_cn_id_1\"  class='ff-t-container ff-column-container ff_columns_total_3 '><div class='ff-t-cell ff-t-column-1' style='flex-basis: 33.33%;'><\/div><div class='ff-t-cell ff-t-column-2' style='flex-basis: 33.33%;'><div class='ff-el-group'><div class=\"ff-el-input--label ff-el-is-required asterisk-right\"><label for='ff_3_datetime' id='label_ff_3_datetime' aria-label=\"Fecha del Reclamo o queja\">Fecha del Reclamo o queja<\/label><\/div><div class='ff-el-input--content'><input  aria-label='Fecha del Reclamo o queja Usa las flechas para navegar por las fechas. Pulsa Intro para seleccionar una fecha.'  aria-haspopup='dialog' data-type-datepicker data-format='m\/d\/y' type=\"text\" name=\"datetime\" id=\"ff_3_datetime\" class=\"ff-el-form-control ff-el-datepicker\" placeholder=\"Ingrese Fecha\" data-name=\"datetime\"  aria-invalid='false' aria-required=true><\/div><\/div><\/div><div class='ff-t-cell ff-t-column-3' style='flex-basis: 33.33%;'><\/div><\/div><div class='ff-el-group  ff-custom_html' tabindex='-1' data-name=\"custom_html-3_1\" ><h2>1. IDENTIFICACI\u00d3N DEL CONSUMIDOR RECLAMANTE<\/h2><\/div><div data-type=\"name-element\" data-name=\"names\" class=\" ff-field_container ff-name-field-wrapper\" ><div class='ff-t-container'><div class='ff-t-cell '><div class='ff-el-group'><div class=\"ff-el-input--label ff-el-is-required asterisk-right\"><label for='ff_3_names_first_name_' id='label_ff_3_names_first_name_' >Nombres<\/label><\/div><div class='ff-el-input--content'><input type=\"text\" name=\"names[first_name]\" id=\"ff_3_names_first_name_\" class=\"ff-el-form-control\" aria-invalid=\"false\" aria-required=true><\/div><\/div><\/div><div class='ff-t-cell '><div class='ff-el-group'><div class=\"ff-el-input--label ff-el-is-required asterisk-right\"><label for='ff_3_names_last_name_' id='label_ff_3_names_last_name_' >Apellidos<\/label><\/div><div class='ff-el-input--content'><input type=\"text\" name=\"names[last_name]\" id=\"ff_3_names_last_name_\" class=\"ff-el-form-control\" aria-invalid=\"false\" aria-required=true><\/div><\/div><\/div><\/div><\/div><div class='ff-el-group'><div class=\"ff-el-input--label ff-el-is-required asterisk-right\"><label for='ff_3_subject' id='label_ff_3_subject' aria-label=\"Domicilio\">Domicilio<\/label><\/div><div class='ff-el-input--content'><input type=\"text\" name=\"subject\" class=\"ff-el-form-control\" placeholder=\"Domicilio completo (aclarar tambi\u00e9n provincia y distrito).\" data-name=\"subject\" id=\"ff_3_subject\"  aria-invalid=\"false\" aria-required=true><\/div><\/div><div data-name=\"ff_cn_id_2\"  class='ff-t-container ff-column-container ff_columns_total_2 '><div class='ff-t-cell ff-t-column-1' style='flex-basis: 50%;'><div class='ff-el-group'><div class=\"ff-el-input--label ff-el-is-required asterisk-right\"><label   aria-label=\"Tipo de Documento de Identidad\">Tipo de Documento de Identidad<\/label><\/div><div class='ff-el-input--content'><div class='ff-el-form-check ff-el-form-check-'><label class='ff-el-form-check-label' for='input_radio_2_7427e9633a5d899323bc21527b2178da'><input  type=\"radio\" name=\"input_radio_2\" data-name=\"input_radio_2\" class=\"ff-el-form-check-input ff-el-form-check-radio\" value=\"DNI\"  id='input_radio_2_7427e9633a5d899323bc21527b2178da' aria-label='DNI' aria-invalid='false' aria-required=true> <span>DNI<\/span><\/label><\/div><div class='ff-el-form-check ff-el-form-check-'><label class='ff-el-form-check-label' for='input_radio_2_813e44c85289a39072156f208226b91a'><input  type=\"radio\" name=\"input_radio_2\" data-name=\"input_radio_2\" class=\"ff-el-form-check-input ff-el-form-check-radio\" value=\"Documento de Extranjer\u00eda\"  id='input_radio_2_813e44c85289a39072156f208226b91a' aria-label='Documento de Extranjer\u00eda' aria-invalid='false' aria-required=true> <span>Documento de Extranjer\u00eda<\/span><\/label><\/div><\/div><\/div><\/div><div class='ff-t-cell ff-t-column-2' style='flex-basis: 50%;'><div class='ff-el-group'><div class=\"ff-el-input--label ff-el-is-required asterisk-right\"><label for='ff_3_numeric-field' id='label_ff_3_numeric-field' aria-label=\"Numero de documento de Identidad\">Numero de documento de Identidad<\/label><\/div><div class='ff-el-input--content'><input type=\"number\" name=\"numeric-field\" id=\"ff_3_numeric-field\" class=\"ff-el-form-control\" placeholder=\"Ingrese Numero\" data-name=\"numeric-field\" inputmode=\"numeric\" step=\"any\"  aria-invalid=\"false\" aria-required=true><\/div><\/div><\/div><\/div><div data-name=\"ff_cn_id_3\"  class='ff-t-container ff-column-container ff_columns_total_2 '><div class='ff-t-cell ff-t-column-1' style='flex-basis: 50%;'><div class='ff-el-group'><div class=\"ff-el-input--label ff-el-is-required asterisk-right\"><label for='ff_3_input_text_1' id='label_ff_3_input_text_1' aria-label=\"Telefono\">Telefono<\/label><\/div><div class='ff-el-input--content'><input type=\"text\" name=\"input_text_1\" class=\"ff-el-form-control\" placeholder=\"Ingrese su numero de Telefono\" maxlength=\"12\" data-name=\"input_text_1\" id=\"ff_3_input_text_1\"  aria-invalid=\"false\" aria-required=true><\/div><\/div><\/div><div class='ff-t-cell ff-t-column-2' style='flex-basis: 50%;'><div class='ff-el-group'><div class=\"ff-el-input--label ff-el-is-required asterisk-right\"><label for='ff_3_email' id='label_ff_3_email' aria-label=\"Correo Electr\u00f3nico\">Correo Electr\u00f3nico<\/label><\/div><div class='ff-el-input--content'><input type=\"email\" name=\"email\" id=\"ff_3_email\" class=\"ff-el-form-control\" placeholder=\"Ingrese su correo electronico\" data-name=\"email\"  aria-invalid=\"false\" aria-required=true><\/div><\/div><\/div><\/div><div class='ff-el-group  ff-custom_html' tabindex='-1' data-name=\"custom_html-3_2\" ><h2>2. IDENTIFICACI\u00d3N DEL BIEN CONTRATADO<\/h2><\/div><div data-name=\"ff_cn_id_4\"  class='ff-t-container ff-column-container ff_columns_total_2 '><div class='ff-t-cell ff-t-column-1' style='flex-basis: 50%;'><div class='ff-el-group'><div class=\"ff-el-input--label ff-el-is-required asterisk-right\"><label   aria-label=\"Tipo de Bien contratado\">Tipo de Bien contratado<\/label><\/div><div class='ff-el-input--content'><div class='ff-el-form-check ff-el-form-check-'><label class='ff-el-form-check-label' for='input_radio_3_aa287efb79c5909c61f3db89817c0bce'><input  type=\"radio\" name=\"input_radio_3\" data-name=\"input_radio_3\" class=\"ff-el-form-check-input ff-el-form-check-radio\" value=\"Producto \"  id='input_radio_3_aa287efb79c5909c61f3db89817c0bce' aria-label='Producto' aria-invalid='false' aria-required=true> <span>Producto <\/span><\/label><\/div><div class='ff-el-form-check ff-el-form-check-'><label class='ff-el-form-check-label' for='input_radio_3_fd4eade5c7738d7a4e6b9e4b6a70c586'><input  type=\"radio\" name=\"input_radio_3\" data-name=\"input_radio_3\" class=\"ff-el-form-check-input ff-el-form-check-radio\" value=\"Servicio\"  id='input_radio_3_fd4eade5c7738d7a4e6b9e4b6a70c586' aria-label='Servicio' aria-invalid='false' aria-required=true> <span>Servicio<\/span><\/label><\/div><\/div><\/div><\/div><div class='ff-t-cell ff-t-column-2' style='flex-basis: 50%;'><div class='ff-el-group'><div class=\"ff-el-input--label ff-el-is-required asterisk-right\"><label for='ff_3_input_text_6' id='label_ff_3_input_text_6' aria-label=\"Monto reclamado\">Monto reclamado<\/label><\/div><div class='ff-el-input--content'><input type=\"text\" name=\"input_text_6\" class=\"ff-el-form-control\" placeholder=\"Ingresa Monto Reclamad\" data-name=\"input_text_6\" id=\"ff_3_input_text_6\"  aria-invalid=\"false\" aria-required=true><\/div><\/div><\/div><\/div><div class='ff-el-group'><div class=\"ff-el-input--label ff-el-is-required asterisk-right\"><label for='ff_3_input_text_4' id='label_ff_3_input_text_4' aria-label=\"Descripci\u00f3n (Nombre del producto)\">Descripci\u00f3n (Nombre del producto)<\/label><\/div><div class='ff-el-input--content'><input type=\"text\" name=\"input_text_4\" class=\"ff-el-form-control\" placeholder=\"Ingrese Descripci\u00f3n\" data-name=\"input_text_4\" id=\"ff_3_input_text_4\"  aria-invalid=\"false\" aria-required=true><\/div><\/div><div class='ff-el-group  ff-custom_html' tabindex='-1' data-name=\"custom_html-3_3\" ><h2>3. DETALLE DE LA RECLAMACI\u00d3N<\/h2><\/div><div class='ff-el-group'><div class=\"ff-el-input--label ff-el-is-required asterisk-right\"><label   aria-label=\"Tipo de Reclamaci\u00f3n\">Tipo de Reclamaci\u00f3n<\/label><\/div><div class='ff-el-input--content'><div class='ff-el-form-check ff-el-form-check-'><label class='ff-el-form-check-label' for='input_radio_1_a5bbe69d6ebbe63dc2409588a3c0730c'><input  type=\"radio\" name=\"input_radio_1\" data-name=\"input_radio_1\" class=\"ff-el-form-check-input ff-el-form-check-radio\" value=\"(*) Reclamo\"  id='input_radio_1_a5bbe69d6ebbe63dc2409588a3c0730c' aria-label='(*) Reclamo' aria-invalid='false' aria-required=true> <span>(*) Reclamo<\/span><\/label><\/div><div class='ff-el-form-check ff-el-form-check-'><label class='ff-el-form-check-label' for='input_radio_1_74bf816d920cf09dae239017238e5664'><input  type=\"radio\" name=\"input_radio_1\" data-name=\"input_radio_1\" class=\"ff-el-form-check-input ff-el-form-check-radio\" value=\"(**) Queja\"  id='input_radio_1_74bf816d920cf09dae239017238e5664' aria-label='(**) Queja' aria-invalid='false' aria-required=true> <span>(**) Queja<\/span><\/label><\/div><\/div><\/div><div class='ff-el-group  ff-custom_html' tabindex='-1' data-name=\"custom_html-3_4\" ><p><strong>(*) RECLAMO:<\/strong> Disconformidad relacionada a los productos expendidos o servicios brindados.<\/p>\n<p><strong>(**) QUEJA:<\/strong> Disconformidad NO RELACIONADA a los productos o servicios. Malestar o descontento respecto con la atenci\u00f3n<\/p><\/div><div class='ff-el-group'><div class=\"ff-el-input--label ff-el-is-required asterisk-right\"><label for='ff_3_input_text_2' id='label_ff_3_input_text_2' aria-label=\"Detalle del Reclamo o Queja\">Detalle del Reclamo o Queja<\/label><\/div><div class='ff-el-input--content'><input type=\"text\" name=\"input_text_2\" class=\"ff-el-form-control\" placeholder=\"Ingrese Descripci\u00f3n\" data-name=\"input_text_2\" id=\"ff_3_input_text_2\"  aria-invalid=\"false\" aria-required=true><\/div><\/div><div class='ff-el-group'><div class=\"ff-el-input--label ff-el-is-required asterisk-right\"><label for='ff_3_input_text_5' id='label_ff_3_input_text_5' aria-label=\"Pedido del Reclamo\">Pedido del Reclamo<\/label><\/div><div class='ff-el-input--content'><input type=\"text\" name=\"input_text_5\" class=\"ff-el-form-control\" placeholder=\"Ingrese Pedido\" data-name=\"input_text_5\" id=\"ff_3_input_text_5\"  aria-invalid=\"false\" aria-required=true><\/div><\/div><div class='ff-el-group  ff-custom_html' tabindex='-1' data-name=\"custom_html-3_5\" ><p><span style=\"color: #ff0000\">*<\/span> La formulaci\u00f3n del reclamo no impide acudir a otras v\u00edas de soluci\u00f3n de controversias ni es requisito previo para interponer una denuncia ante el INDECOPI.<\/p>\n<p><span style=\"color: #ff0000\">*<\/span> El proveedor deber\u00e1 dar respuesta al reclamo en un plazo no mayor 15 d\u00edas h\u00e1biles<\/p><\/div><div class='ff-el-group'><div class=\"ff-el-input--label asterisk-right\"><label   aria-label=\"Conformidad\">Conformidad<\/label><\/div><div class='ff-el-input--content'><div class='ff-el-form-check ff-el-form-check-'><label class='ff-el-form-check-label' for='checkbox_0c06b3e412261869f63ea93adc5e9dbd'><input  type=\"checkbox\" name=\"checkbox[]\" data-name=\"checkbox\" class=\"ff-el-form-check-input ff-el-form-check-checkbox\" value=\"Acepto los T\u00e9rminos del art\u00edculo 150\u00ba de la Ley N\u00ba 29571 del C\u00f3digo de Protecci\u00f3n y Defensa del Consumidor y declaro ser titular de los datos personales ingresados en esta reclamaci\u00f3n.\"  id='checkbox_0c06b3e412261869f63ea93adc5e9dbd' aria-label='Acepto los T\u00e9rminos del art\u00edculo 150\u00ba de la Ley N\u00ba 29571 del C\u00f3digo de Protecci\u00f3n y Defensa del Consumidor y declaro ser titular de los datos personales ingresados en esta reclamaci\u00f3n.' aria-invalid='false' aria-required=false> <span>Acepto los T\u00e9rminos del art\u00edculo 150\u00ba de la Ley N\u00ba 29571 del C\u00f3digo de Protecci\u00f3n y Defensa del Consumidor y declaro ser titular de los datos personales ingresados en esta reclamaci\u00f3n.<\/span><\/label><\/div><\/div><\/div><div class='ff-el-group ff-text-center ff_submit_btn_wrapper'><button type=\"submit\" class=\"ff-btn ff-btn-submit ff-btn-lg ff_btn_style\"  aria-label=\"Enviar\">Enviar<\/button><\/div><\/fieldset><\/form><div id='fluentform_3_errors' class='ff-errors-in-stack ff_form_instance_3_1 ff-form-loading_errors ff_form_instance_3_1_errors'><\/div><\/div>            <script type=\"text\/javascript\">\n                window.fluent_form_ff_form_instance_3_1 = {\"id\":\"3\",\"settings\":{\"layout\":{\"labelPlacement\":\"top\",\"helpMessagePlacement\":\"with_label\",\"errorMessagePlacement\":\"inline\",\"cssClassName\":\"\",\"asteriskPlacement\":\"asterisk-right\"},\"restrictions\":{\"denyEmptySubmission\":{\"enabled\":false}}},\"form_instance\":\"ff_form_instance_3_1\",\"form_id_selector\":\"fluentform_3\",\"rules\":{\"datetime\":{\"required\":{\"value\":true,\"message\":\"Campo obligatorio fecha\"}},\"names[first_name]\":{\"required\":{\"value\":true,\"message\":\"Campo Obligatorio Nombres\"}},\"names[middle_name]\":{\"required\":{\"value\":false,\"message\":\"This field is required\"}},\"names[last_name]\":{\"required\":{\"value\":true,\"message\":\"Campo Obligatorio Apellidos\"}},\"subject\":{\"required\":{\"value\":true,\"message\":\"Campo Obligatorio Domicilio\"}},\"input_radio_2\":{\"required\":{\"value\":true,\"message\":\"Campo Obligatorio Tipo de Documento de Identidad\"}},\"numeric-field\":{\"required\":{\"value\":true,\"message\":\"Campo necesario\"},\"numeric\":{\"value\":true,\"message\":\"Este campo debe contener valor num\\u00e9rico\"},\"min\":{\"value\":\"\",\"message\":\"El valor m\\u00ednimo es \"},\"max\":{\"value\":\"\",\"message\":\"El valor m\\u00e1ximo es \"},\"digits\":{\"value\":\"\",\"message\":\"The number of digits has to be \"}},\"input_text_1\":{\"required\":{\"value\":true,\"message\":\"Campo Obligatorio Telefono\"}},\"email\":{\"required\":{\"value\":true,\"message\":\"Campo Obligatorio Correo Electronico\"},\"email\":{\"value\":true,\"message\":\"This field must contain a valid email\"}},\"input_radio_3\":{\"required\":{\"value\":true,\"message\":\"Campo Obligatorio Tipo de bien contratado\"}},\"input_text_6\":{\"required\":{\"value\":true,\"message\":\"Campo Obligatorio Monto Reclamado\"}},\"input_text_4\":{\"required\":{\"value\":true,\"message\":\"Campo Obligatorio Descripcion de bien\"}},\"input_radio_1\":{\"required\":{\"value\":true,\"message\":\"Campo Obligatorio Tipo de reclamo\"}},\"input_text_2\":{\"required\":{\"value\":true,\"message\":\"Campo Obligatorio Detalle de reclamo\"}},\"input_text_5\":{\"required\":{\"value\":true,\"message\":\"Campo Obligatorio Detalle de reclamo\"}},\"checkbox\":{\"required\":{\"value\":false,\"message\":\"This field is required\"}}},\"debounce_time\":300};\n                            <\/script>\n            [\/et_pb_code][\/et_pb_column][\/et_pb_row][\/et_pb_section][et_pb_section fb_built=\u00bb1&#8243; _builder_version=\u00bb4.18.0&#8243; _module_preset=\u00bbdefault\u00bb background_color=\u00bb#000000&#8243; custom_padding=\u00bb0px||0px||true|false\u00bb global_colors_info=\u00bb{}\u00bb][et_pb_row _builder_version=\u00bb4.18.0&#8243; _module_preset=\u00bbdefault\u00bb global_colors_info=\u00bb{}\u00bb][et_pb_column type=\u00bb4_4&#8243; _builder_version=\u00bb4.18.0&#8243; _module_preset=\u00bbdefault\u00bb global_colors_info=\u00bb{}\u00bb][et_pb_text _builder_version=\u00bb4.18.0&#8243; _module_preset=\u00bbdefault\u00bb text_text_color=\u00bb#FFFFFF\u00bb text_orientation=\u00bbcenter\u00bb hover_enabled=\u00bb0&#8243; global_colors_info=\u00bb{}\u00bb sticky_enabled=\u00bb0&#8243;]<\/p>\n<p>\u00a9 Copyright 2023 <a href=\"https:\/\/tiendamn.com\/\">TiendaMN<\/a>. Todos los derechos reservados.<\/p>\n<p>[\/et_pb_text][\/et_pb_column][\/et_pb_row][\/et_pb_section]<\/p>\n","protected":false},"excerpt":{"rendered":"<p>Libro de reclamaciones MN ELECTRONICS E.I.R.L., RUC: 20478072121.Direcci\u00f3n: Calle Manuel Arrisue\u00f1o 649, Santa Catalina, La Victoria, provincia y departamento de LimaTel\u00e9fonos: (01) 713-1717 \/ (01) 713-1718 \/ 999 040 329 Ponemos a tu disposici\u00f3n este espacio para que nos hagas llegar tu reclamo conforme a lo establecido en el C\u00f3digo de Protecci\u00f3n y Defensa del [&hellip;]<\/p>\n","protected":false},"author":1,"featured_media":0,"parent":0,"menu_order":0,"comment_status":"closed","ping_status":"closed","template":"page-template-blank.php","meta":{"_et_pb_use_builder":"on","_et_pb_old_content":"<!-- wp:divi\/placeholder \/-->","_et_gb_content_width":"","footnotes":""},"class_list":["post-12","page","type-page","status-publish","hentry"],"_links":{"self":[{"href":"https:\/\/tiendamn.com\/libro-de-reclamaciones\/wp-json\/wp\/v2\/pages\/12","targetHints":{"allow":["GET"]}}],"collection":[{"href":"https:\/\/tiendamn.com\/libro-de-reclamaciones\/wp-json\/wp\/v2\/pages"}],"about":[{"href":"https:\/\/tiendamn.com\/libro-de-reclamaciones\/wp-json\/wp\/v2\/types\/page"}],"author":[{"embeddable":true,"href":"https:\/\/tiendamn.com\/libro-de-reclamaciones\/wp-json\/wp\/v2\/users\/1"}],"replies":[{"embeddable":true,"href":"https:\/\/tiendamn.com\/libro-de-reclamaciones\/wp-json\/wp\/v2\/comments?post=12"}],"version-history":[{"count":10,"href":"https:\/\/tiendamn.com\/libro-de-reclamaciones\/wp-json\/wp\/v2\/pages\/12\/revisions"}],"predecessor-version":[{"id":26,"href":"https:\/\/tiendamn.com\/libro-de-reclamaciones\/wp-json\/wp\/v2\/pages\/12\/revisions\/26"}],"wp:attachment":[{"href":"https:\/\/tiendamn.com\/libro-de-reclamaciones\/wp-json\/wp\/v2\/media?parent=12"}],"curies":[{"name":"wp","href":"https:\/\/api.w.org\/{rel}","templated":true}]}}